{"id":148,"date":"2024-03-23T11:13:34","date_gmt":"2024-03-23T10:13:34","guid":{"rendered":"https:\/\/auferacheval.fr\/?page_id=148"},"modified":"2025-10-21T13:58:49","modified_gmt":"2025-10-21T11:58:49","slug":"notre-carte","status":"publish","type":"page","link":"https:\/\/auferacheval.fr\/?page_id=148","title":{"rendered":"Notre Carte"},"content":{"rendered":"\t\t<div data-elementor-type=\"wp-page\" data-elementor-id=\"148\" class=\"elementor elementor-148\">\n\t\t\t\t<div class=\"elementor-element elementor-element-fd81808 e-flex e-con-boxed e-con e-parent\" data-id=\"fd81808\" data-element_type=\"container\" data-e-type=\"container\">\n\t\t\t\t\t<div class=\"e-con-inner\">\n\t\t\t\t<div class=\"elementor-element elementor-element-2abf0b6 elementor-widget elementor-widget-spacer\" data-id=\"2abf0b6\" data-element_type=\"widget\" data-e-type=\"widget\" data-widget_type=\"spacer.default\">\n\t\t\t\t<div class=\"elementor-widget-container\">\n\t\t\t\t\t\t\t<div class=\"elementor-spacer\">\n\t\t\t<div class=\"elementor-spacer-inner\"><\/div>\n\t\t<\/div>\n\t\t\t\t\t\t<\/div>\n\t\t\t\t<\/div>\n\t\t\t\t<div class=\"elementor-element elementor-element-b9128e4 elementor-widget elementor-widget-heading\" data-id=\"b9128e4\" data-element_type=\"widget\" data-e-type=\"widget\" data-widget_type=\"heading.default\">\n\t\t\t\t<div class=\"elementor-widget-container\">\n\t\t\t\t\t<h2 class=\"elementor-heading-title elementor-size-default\">NOTRE CARTE \ud83d\udd25\n<\/h2>\t\t\t\t<\/div>\n\t\t\t\t<\/div>\n\t\t\t\t<div class=\"elementor-element elementor-element-9053112 elementor-widget elementor-widget-text-editor\" data-id=\"9053112\" data-element_type=\"widget\" data-e-type=\"widget\" data-widget_type=\"text-editor.default\">\n\t\t\t\t<div class=\"elementor-widget-container\">\n\t\t\t\t\t\t\t\t\t<p data-start=\"50\" data-end=\"83\"><strong data-start=\"50\" data-end=\"81\">Au Fer \u00c0 Cheval \u2013 Viller\u00e9al<\/strong><\/p><p data-start=\"85\" data-end=\"224\">Bienvenue sur notre <strong data-start=\"105\" data-end=\"125\">carte des snacks<\/strong>, pr\u00e9par\u00e9s avec des <strong data-start=\"146\" data-end=\"180\">ingr\u00e9dients frais et savoureux<\/strong>, \u00e0 d\u00e9guster <strong data-start=\"193\" data-end=\"220\">sur place ou \u00e0 emporter<\/strong> !<\/p><p data-start=\"226\" data-end=\"318\">\ud83d\udccd <strong data-start=\"229\" data-end=\"267\">Place de la Halle, 47210 Viller\u00e9al<\/strong><br data-start=\"267\" data-end=\"270\" \/>\ud83d\udcde <strong data-start=\"273\" data-end=\"316\">Commande &amp; R\u00e9servation : 09 62 65 66 31<\/strong><\/p>\t\t\t\t\t\t\t\t<\/div>\n\t\t\t\t<\/div>\n\t\t\t\t<div class=\"elementor-element elementor-element-67daf77 elementor-align-center elementor-widget elementor-widget-button\" data-id=\"67daf77\" data-element_type=\"widget\" data-e-type=\"widget\" data-widget_type=\"button.default\">\n\t\t\t\t<div class=\"elementor-widget-container\">\n\t\t\t\t\t\t\t\t\t<div class=\"elementor-button-wrapper\">\n\t\t\t\t\t<a class=\"elementor-button elementor-button-link elementor-size-sm\" href=\"https:\/\/auferacheval.fr\/wp-content\/uploads\/2025\/10\/AFAC-Menu-.pdf\" target=\"_blank\">\n\t\t\t\t\t\t<span class=\"elementor-button-content-wrapper\">\n\t\t\t\t\t\t<span class=\"elementor-button-icon\">\n\t\t\t\t<svg aria-hidden=\"true\" class=\"e-font-icon-svg e-far-file-pdf\" viewBox=\"0 0 384 512\" xmlns=\"http:\/\/www.w3.org\/2000\/svg\"><path d=\"M369.9 97.9L286 14C277 5 264.8-.1 252.1-.1H48C21.5 0 0 21.5 0 48v416c0 26.5 21.5 48 48 48h288c26.5 0 48-21.5 48-48V131.9c0-12.7-5.1-25-14.1-34zM332.1 128H256V51.9l76.1 76.1zM48 464V48h160v104c0 13.3 10.7 24 24 24h104v288H48zm250.2-143.7c-12.2-12-47-8.7-64.4-6.5-17.2-10.5-28.7-25-36.8-46.3 3.9-16.1 10.1-40.6 5.4-56-4.2-26.2-37.8-23.6-42.6-5.9-4.4 16.1-.4 38.5 7 67.1-10 23.9-24.9 56-35.4 74.4-20 10.3-47 26.2-51 46.2-3.3 15.8 26 55.2 76.1-31.2 22.4-7.4 46.8-16.5 68.4-20.1 18.9 10.2 41 17 55.8 17 25.5 0 28-28.2 17.5-38.7zm-198.1 77.8c5.1-13.7 24.5-29.5 30.4-35-19 30.3-30.4 35.7-30.4 35zm81.6-190.6c7.4 0 6.7 32.1 1.8 40.8-4.4-13.9-4.3-40.8-1.8-40.8zm-24.4 136.6c9.7-16.9 18-37 24.7-54.7 8.3 15.1 18.9 27.2 30.1 35.5-20.8 4.3-38.9 13.1-54.8 19.2zm131.6-5s-5 6-37.3-7.8c35.1-2.6 40.9 5.4 37.3 7.8z\"><\/path><\/svg>\t\t\t<\/span>\n\t\t\t\t\t\t\t\t\t<span class=\"elementor-button-text\">D\u00c9COUVREZ LA CARTE AVEC PRIX ICI<\/span>\n\t\t\t\t\t<\/span>\n\t\t\t\t\t<\/a>\n\t\t\t\t<\/div>\n\t\t\t\t\t\t\t\t<\/div>\n\t\t\t\t<\/div>\n\t\t\t\t\t<\/div>\n\t\t\t\t<\/div>\n\t\t<div class=\"elementor-element elementor-element-e7f7631 e-flex e-con-boxed e-con e-parent\" data-id=\"e7f7631\" data-element_type=\"container\" data-e-type=\"container\">\n\t\t\t\t\t<div class=\"e-con-inner\">\n\t\t\t\t<div class=\"elementor-element elementor-element-1d2e529 elementor-widget-divider--view-line elementor-widget elementor-widget-divider\" data-id=\"1d2e529\" data-element_type=\"widget\" data-e-type=\"widget\" data-widget_type=\"divider.default\">\n\t\t\t\t<div class=\"elementor-widget-container\">\n\t\t\t\t\t\t\t<div class=\"elementor-divider\">\n\t\t\t<span class=\"elementor-divider-separator\">\n\t\t\t\t\t\t<\/span>\n\t\t<\/div>\n\t\t\t\t\t\t<\/div>\n\t\t\t\t<\/div>\n\t\t\t\t<div class=\"elementor-element elementor-element-82522dc elementor-widget elementor-widget-spacer\" data-id=\"82522dc\" data-element_type=\"widget\" data-e-type=\"widget\" data-widget_type=\"spacer.default\">\n\t\t\t\t<div class=\"elementor-widget-container\">\n\t\t\t\t\t\t\t<div class=\"elementor-spacer\">\n\t\t\t<div class=\"elementor-spacer-inner\"><\/div>\n\t\t<\/div>\n\t\t\t\t\t\t<\/div>\n\t\t\t\t<\/div>\n\t\t\t\t<div class=\"elementor-element elementor-element-c73cdf4 elementor-widget elementor-widget-heading\" data-id=\"c73cdf4\" data-element_type=\"widget\" data-e-type=\"widget\" data-widget_type=\"heading.default\">\n\t\t\t\t<div class=\"elementor-widget-container\">\n\t\t\t\t\t<h2 class=\"elementor-heading-title elementor-size-default\">\ud83c\udf79 NOTRE CARTE DES BOISSONS \u2013 AU FER \u00c0 CHEVAL \ud83c\udf7a<\/h2>\t\t\t\t<\/div>\n\t\t\t\t<\/div>\n\t\t\t\t<div class=\"elementor-element elementor-element-6c33ee5 elementor-widget elementor-widget-text-editor\" data-id=\"6c33ee5\" data-element_type=\"widget\" data-e-type=\"widget\" data-widget_type=\"text-editor.default\">\n\t\t\t\t<div class=\"elementor-widget-container\">\n\t\t\t\t\t\t\t\t\t<p data-start=\"59\" data-end=\"151\">\ud83d\udccd <strong data-start=\"62\" data-end=\"100\">Place de la Halle, 47210 Viller\u00e9al<\/strong><br data-start=\"100\" data-end=\"103\" \/>\ud83d\udcde <strong data-start=\"106\" data-end=\"149\">Commande &amp; R\u00e9servation : 09 62 65 66 31<\/strong><\/p>\n<p data-start=\"153\" data-end=\"371\">Que vous ayez envie d\u2019un bon cocktail, d\u2019une bi\u00e8re bien fra\u00eeche ou d\u2019un caf\u00e9 r\u00e9confortant, <strong data-start=\"244\" data-end=\"263\">Au Fer \u00c0 Cheval<\/strong> vous propose une s\u00e9lection de boissons pour tous les go\u00fbts. <strong data-start=\"324\" data-end=\"369\">\u00c0 d\u00e9guster en salle ou sous les arcades !<\/strong><\/p>\t\t\t\t\t\t\t\t<\/div>\n\t\t\t\t<\/div>\n\t\t\t\t\t<\/div>\n\t\t\t\t<\/div>\n\t\t<div class=\"elementor-element elementor-element-19e784a e-flex e-con-boxed e-con e-parent\" data-id=\"19e784a\" data-element_type=\"container\" data-e-type=\"container\">\n\t\t\t\t\t<div class=\"e-con-inner\">\n\t\t<div class=\"elementor-element elementor-element-41fa8a1 e-con-full e-flex e-con e-child\" data-id=\"41fa8a1\" data-element_type=\"container\" data-e-type=\"container\">\n\t\t\t\t<div class=\"elementor-element elementor-element-3e9240c elementor-widget elementor-widget-text-editor\" data-id=\"3e9240c\" data-element_type=\"widget\" data-e-type=\"widget\" data-widget_type=\"text-editor.default\">\n\t\t\t\t<div class=\"elementor-widget-container\">\n\t\t\t\t\t\t\t\t\t<h2 data-start=\"378\" data-end=\"447\"><strong data-start=\"381\" data-end=\"445\">\ud83c\udf78 COCKTAILS SIGNATURE \u2013 LE FER \u00c0 CHEVAL SHAKE LES SAVEURS !<\/strong><\/h2>\n<ul data-start=\"449\" data-end=\"923\">\n<li data-start=\"449\" data-end=\"564\"><strong data-start=\"451\" data-end=\"472\">Hot Buttered Rhum<\/strong> \ud83e\uddc8 \u2013 Sirop de beurre de cacao (et de vache) maison, rhum ambr\u00e9, eau chaude, f\u00e8ve de tonka<\/li>\n<li data-start=\"565\" data-end=\"624\"><strong data-start=\"567\" data-end=\"587\">Spritz Classique<\/strong> \ud83c\udf4a \u2013 Ap\u00e9rol, prosecco, eau gazeuse<\/li>\n<li data-start=\"625\" data-end=\"690\"><strong data-start=\"627\" data-end=\"637\">Mojito<\/strong> \ud83c\udf3f \u2013 Rhum, citron vert, sucre, menthe, eau gazeuse<\/li>\n<li data-start=\"691\" data-end=\"742\"><strong data-start=\"693\" data-end=\"708\">Pi\u00f1a Colada<\/strong> \ud83c\udf4d \u2013 Rhum, ananas, lait de coco<\/li>\n<li data-start=\"743\" data-end=\"815\"><strong data-start=\"745\" data-end=\"765\">Sex on the Beach<\/strong> \ud83c\udf51 \u2013 Vodka, liqueur de p\u00eache, cranberry, orange<\/li>\n<li data-start=\"816\" data-end=\"871\"><strong data-start=\"818\" data-end=\"837\">Tequila Sunrise<\/strong> \ud83c\udf05 \u2013 Tequila, orange, grenadine<\/li>\n<li data-start=\"872\" data-end=\"923\"><strong data-start=\"874\" data-end=\"888\">Ca\u00efpirinha<\/strong> \ud83c\udf4b \u2013 Cacha\u00e7a, citron vert, sucre<\/li>\n<\/ul>\n<p data-start=\"925\" data-end=\"994\">\ud83d\udca1 <strong data-start=\"928\" data-end=\"992\">Nos cocktails peuvent \u00eatre r\u00e9alis\u00e9s en version sans alcool !<\/strong><\/p>\t\t\t\t\t\t\t\t<\/div>\n\t\t\t\t<\/div>\n\t\t\t\t<\/div>\n\t\t<div class=\"elementor-element elementor-element-51e8245 e-con-full e-flex e-con e-child\" data-id=\"51e8245\" data-element_type=\"container\" data-e-type=\"container\">\n\t\t\t\t<div class=\"elementor-element elementor-element-3343eab elementor-widget elementor-widget-text-editor\" data-id=\"3343eab\" data-element_type=\"widget\" data-e-type=\"widget\" data-widget_type=\"text-editor.default\">\n\t\t\t\t<div class=\"elementor-widget-container\">\n\t\t\t\t\t\t\t\t\t<h2 data-start=\"1001\" data-end=\"1051\"><strong data-start=\"1004\" data-end=\"1049\">\ud83c\udf7a BI\u00c8RES PRESSION \u2013 FRA\u00ceCHEUR GARANTIE !<\/strong><\/h2>\n<ul data-start=\"1053\" data-end=\"1137\">\n<li data-start=\"1053\" data-end=\"1083\"><strong data-start=\"1055\" data-end=\"1081\">Pinte ou demi au choix<\/strong><\/li>\n<li data-start=\"1084\" data-end=\"1137\"><strong data-start=\"1086\" data-end=\"1135\">S\u00e9lection de bi\u00e8res artisanales et classiques<\/strong><\/li>\n<\/ul>\n<p data-start=\"1139\" data-end=\"1182\">\ud83d\udccc <strong data-start=\"1142\" data-end=\"1180\">Demandez-nous la bi\u00e8re du moment !<\/strong><\/p>\t\t\t\t\t\t\t\t<\/div>\n\t\t\t\t<\/div>\n\t\t\t\t<\/div>\n\t\t\t\t\t<\/div>\n\t\t\t\t<\/div>\n\t\t<div class=\"elementor-element elementor-element-606e7d0 e-flex e-con-boxed e-con e-parent\" data-id=\"606e7d0\" data-element_type=\"container\" data-e-type=\"container\">\n\t\t\t\t\t<div class=\"e-con-inner\">\n\t\t<div class=\"elementor-element elementor-element-b3d5508 e-con-full e-flex e-con e-child\" data-id=\"b3d5508\" data-element_type=\"container\" data-e-type=\"container\">\n\t\t\t\t<div class=\"elementor-element elementor-element-fbf18e5 elementor-widget elementor-widget-text-editor\" data-id=\"fbf18e5\" data-element_type=\"widget\" data-e-type=\"widget\" data-widget_type=\"text-editor.default\">\n\t\t\t\t<div class=\"elementor-widget-container\">\n\t\t\t\t\t\t\t\t\t<h2 data-start=\"1189\" data-end=\"1255\"><strong data-start=\"1192\" data-end=\"1253\">\ud83c\udf77 VINS &amp; SPIRITUEUX \u2013 DU BON PINARD, FAUT PAS D\u00c9CONNER !<\/strong><\/h2>\n<p data-start=\"1257\" data-end=\"1325\"><strong data-start=\"1257\" data-end=\"1289\">Vins rouges, blancs et ros\u00e9s<\/strong> (servis au verre ou en bouteille)<\/p>\n<ul data-start=\"1326\" data-end=\"1397\">\n<li data-start=\"1326\" data-end=\"1360\">S\u00e9lection de vins du Sud-Ouest<\/li>\n<li data-start=\"1361\" data-end=\"1397\">Vins bio et naturels disponibles<\/li>\n<\/ul>\n<p data-start=\"1399\" data-end=\"1430\">\ud83e\udd43 <strong data-start=\"1402\" data-end=\"1428\">Spiritueux &amp; Digestifs<\/strong><\/p>\n<ul data-start=\"1431\" data-end=\"1490\">\n<li data-start=\"1431\" data-end=\"1459\">Whisky, Rhum, Vodka, Gin<\/li>\n<li data-start=\"1460\" data-end=\"1490\">Armagnac, Cognac, Liqueurs<\/li>\n<\/ul>\n<p data-start=\"1492\" data-end=\"1510\">\ud83c\udf78 <strong data-start=\"1495\" data-end=\"1508\">Ap\u00e9ritifs<\/strong><\/p>\n<ul data-start=\"1511\" data-end=\"1550\">\n<li data-start=\"1511\" data-end=\"1550\">Ricard, Pastis, Porto, Lillet, Suze<\/li>\n<\/ul>\t\t\t\t\t\t\t\t<\/div>\n\t\t\t\t<\/div>\n\t\t\t\t<\/div>\n\t\t<div class=\"elementor-element elementor-element-5de2b22 e-con-full e-flex e-con e-child\" data-id=\"5de2b22\" data-element_type=\"container\" data-e-type=\"container\">\n\t\t\t\t<div class=\"elementor-element elementor-element-f00722a elementor-widget elementor-widget-text-editor\" data-id=\"f00722a\" data-element_type=\"widget\" data-e-type=\"widget\" data-widget_type=\"text-editor.default\">\n\t\t\t\t<div class=\"elementor-widget-container\">\n\t\t\t\t\t\t\t\t\t<h2 data-start=\"1557\" data-end=\"1610\"><strong data-start=\"1560\" data-end=\"1608\">\ud83e\udd64 SANS ALCOOL \u2013 M\u00caME SANS RHUM, C\u2019EST BON !<\/strong><\/h2>\n<ul data-start=\"1612\" data-end=\"1794\">\n<li data-start=\"1612\" data-end=\"1662\">Coca-Cola, Coca-Cola Z\u00e9ro, Orangina, Schweppes<\/li>\n<li data-start=\"1663\" data-end=\"1717\">Jus de fruits : Orange, Pomme, Ananas, Multifruits<\/li>\n<li data-start=\"1718\" data-end=\"1749\">Sirop \u00e0 l\u2019eau ou en diabolo<\/li>\n<li data-start=\"1750\" data-end=\"1773\">Limonade artisanale<\/li>\n<li data-start=\"1774\" data-end=\"1794\">Th\u00e9 glac\u00e9 maison<\/li>\n<\/ul>\n<h2 data-start=\"1801\" data-end=\"1871\"><strong data-start=\"1804\" data-end=\"1869\">\u2615 CAF\u00c9, TH\u00c9 &amp; CHOCOLAT \u2013 POUR UN PETIT PLAISIR R\u00c9CONFORTANT !<\/strong><\/h2>\n<ul data-start=\"1873\" data-end=\"1992\">\n<li data-start=\"1873\" data-end=\"1928\">Expresso, Caf\u00e9 allong\u00e9, Cappuccino, Latte Macchiato<\/li>\n<li data-start=\"1929\" data-end=\"1957\">Chocolat chaud maison \ud83c\udf6b<\/li>\n<li data-start=\"1958\" data-end=\"1992\">S\u00e9lection de th\u00e9s et infusions<\/li>\n<\/ul>\n<p data-start=\"1994\" data-end=\"2039\">\ud83d\udccd <strong data-start=\"1997\" data-end=\"2037\">\u00c0 d\u00e9guster sur place ou \u00e0 emporter !<\/strong><\/p>\t\t\t\t\t\t\t\t<\/div>\n\t\t\t\t<\/div>\n\t\t\t\t<\/div>\n\t\t\t\t\t<\/div>\n\t\t\t\t<\/div>\n\t\t<div class=\"elementor-element elementor-element-e98f055 e-flex e-con-boxed e-con e-parent\" data-id=\"e98f055\" data-element_type=\"container\" data-e-type=\"container\">\n\t\t\t\t\t<div class=\"e-con-inner\">\n\t\t\t\t\t<\/div>\n\t\t\t\t<\/div>\n\t\t\t\t<\/div>\n\t\t","protected":false},"excerpt":{"rendered":"<p>NOTRE CARTE \ud83d\udd25 Au Fer \u00c0 Cheval \u2013 Viller\u00e9al Bienvenue sur notre carte des snacks, pr\u00e9par\u00e9s avec des ingr\u00e9dients frais [&hellip;]<\/p>\n","protected":false},"author":1,"featured_media":0,"parent":0,"menu_order":0,"comment_status":"closed","ping_status":"closed","template":"","meta":{"_monsterinsights_skip_tracking":false,"_monsterinsights_sitenote_active":false,"_monsterinsights_sitenote_note":"","_monsterinsights_sitenote_category":0,"site-sidebar-layout":"default","site-content-layout":"","ast-site-content-layout":"default","site-content-style":"default","site-sidebar-style":"default","ast-global-header-display":"","ast-banner-title-visibility":"","ast-main-header-display":"","ast-hfb-above-header-display":"","ast-hfb-below-header-display":"","ast-hfb-mobile-header-display":"","site-post-title":"","ast-breadcrumbs-content":"","ast-featured-img":"","footer-sml-layout":"","ast-disable-related-posts":"","theme-transparent-header-meta":"","adv-header-id-meta":"","stick-header-meta":"","header-above-stick-meta":"","header-main-stick-meta":"","header-below-stick-meta":"","astra-migrate-meta-layouts":"default","ast-page-background-enabled":"default","ast-page-background-meta":{"desktop":{"background-color":"var(--ast-global-color-5)","background-image":"","background-repeat":"repeat","background-position":"center center","background-size":"auto","background-attachment":"scroll","background-type":"","background-media":"","overlay-type":"","overlay-color":"","overlay-opacity":"","overlay-gradient":""},"tablet":{"background-color":"","background-image":"","background-repeat":"repeat","background-position":"center center","background-size":"auto","background-attachment":"scroll","background-type":"","background-media":"","overlay-type":"","overlay-color":"","overlay-opacity":"","overlay-gradient":""},"mobile":{"background-color":"","background-image":"","background-repeat":"repeat","background-position":"center center","background-size":"auto","background-attachment":"scroll","background-type":"","background-media":"","overlay-type":"","overlay-color":"","overlay-opacity":"","overlay-gradient":""}},"ast-content-background-meta":{"desktop":{"background-color":"var(--ast-global-color-4)","background-image":"","background-repeat":"repeat","background-position":"center center","background-size":"auto","background-attachment":"scroll","background-type":"","background-media":"","overlay-type":"","overlay-color":"","overlay-opacity":"","overlay-gradient":""},"tablet":{"background-color":"var(--ast-global-color-4)","background-image":"","background-repeat":"repeat","background-position":"center center","background-size":"auto","background-attachment":"scroll","background-type":"","background-media":"","overlay-type":"","overlay-color":"","overlay-opacity":"","overlay-gradient":""},"mobile":{"background-color":"var(--ast-global-color-4)","background-image":"","background-repeat":"repeat","background-position":"center center","background-size":"auto","background-attachment":"scroll","background-type":"","background-media":"","overlay-type":"","overlay-color":"","overlay-opacity":"","overlay-gradient":""}},"footnotes":""},"class_list":["post-148","page","type-page","status-publish","hentry"],"aioseo_notices":[],"_links":{"self":[{"href":"https:\/\/auferacheval.fr\/index.php?rest_route=\/wp\/v2\/pages\/148","targetHints":{"allow":["GET"]}}],"collection":[{"href":"https:\/\/auferacheval.fr\/index.php?rest_route=\/wp\/v2\/pages"}],"about":[{"href":"https:\/\/auferacheval.fr\/index.php?rest_route=\/wp\/v2\/types\/page"}],"author":[{"embeddable":true,"href":"https:\/\/auferacheval.fr\/index.php?rest_route=\/wp\/v2\/users\/1"}],"replies":[{"embeddable":true,"href":"https:\/\/auferacheval.fr\/index.php?rest_route=%2Fwp%2Fv2%2Fcomments&post=148"}],"version-history":[{"count":53,"href":"https:\/\/auferacheval.fr\/index.php?rest_route=\/wp\/v2\/pages\/148\/revisions"}],"predecessor-version":[{"id":535,"href":"https:\/\/auferacheval.fr\/index.php?rest_route=\/wp\/v2\/pages\/148\/revisions\/535"}],"wp:attachment":[{"href":"https:\/\/auferacheval.fr\/index.php?rest_route=%2Fwp%2Fv2%2Fmedia&parent=148"}],"curies":[{"name":"wp","href":"https:\/\/api.w.org\/{rel}","templated":true}]}}